{"id":15,"date":"2023-09-30T12:58:14","date_gmt":"2023-09-30T12:58:14","guid":{"rendered":"https:\/\/test.marmoo.de\/?page_id=15"},"modified":"2023-09-30T12:58:14","modified_gmt":"2023-09-30T12:58:14","slug":"kontakt","status":"publish","type":"page","link":"https:\/\/test.marmoo.de\/?page_id=15","title":{"rendered":"Kontakt"},"content":{"rendered":"\n<h3 class=\"wp-block-heading\">Kontakt F\u00f6rderverein:<\/h3>\n\n\n\n<p>Freunde und F\u00f6rderer des Paul-Gerhardt-Haus Rastatt e.V.<br>Wilhelm-Busch-Stra\u00dfe 8<br>76437 Rastatt<\/p>\n\n\n\n<p>Link zum Kindergarten <a href=\"https:\/\/www.rastatt.de\/mein-rastatt\/bildung\/kitas\/paul-gerhardt-haus\">Evangelische Kita Paul-Gerhardt-Haus<\/a>.<\/p>\n\n\n\n<p><\/p>\n","protected":false},"excerpt":{"rendered":"<p>Kontakt F\u00f6rderverein: Freunde und F\u00f6rderer des Paul-Gerhardt-Haus Rastatt e.V.Wilhelm-Busch-Stra\u00dfe 876437 Rastatt Link zum Kindergarten Evangelische Kita Paul-Gerhardt-Haus.<\/p>\n","protected":false},"author":1,"featured_media":0,"parent":0,"menu_order":0,"comment_status":"closed","ping_status":"closed","template":"","meta":{"footnotes":""},"_links":{"self":[{"href":"https:\/\/test.marmoo.de\/index.php?rest_route=\/wp\/v2\/pages\/15"}],"collection":[{"href":"https:\/\/test.marmoo.de\/index.php?rest_route=\/wp\/v2\/pages"}],"about":[{"href":"https:\/\/test.marmoo.de\/index.php?rest_route=\/wp\/v2\/types\/page"}],"author":[{"embeddable":true,"href":"https:\/\/test.marmoo.de\/index.php?rest_route=\/wp\/v2\/users\/1"}],"replies":[{"embeddable":true,"href":"https:\/\/test.marmoo.de\/index.php?rest_route=%2Fwp%2Fv2%2Fcomments&post=15"}],"version-history":[{"count":1,"href":"https:\/\/test.marmoo.de\/index.php?rest_route=\/wp\/v2\/pages\/15\/revisions"}],"predecessor-version":[{"id":17,"href":"https:\/\/test.marmoo.de\/index.php?rest_route=\/wp\/v2\/pages\/15\/revisions\/17"}],"wp:attachment":[{"href":"https:\/\/test.marmoo.de\/index.php?rest_route=%2Fwp%2Fv2%2Fmedia&parent=15"}],"curies":[{"name":"wp","href":"https:\/\/api.w.org\/{rel}","templated":true}]}}