{"id":6,"date":"2023-09-30T12:47:39","date_gmt":"2023-09-30T12:47:39","guid":{"rendered":"https:\/\/test.marmoo.de\/?page_id=6"},"modified":"2023-09-30T12:47:39","modified_gmt":"2023-09-30T12:47:39","slug":"ueber-uns","status":"publish","type":"page","link":"https:\/\/test.marmoo.de\/?page_id=6","title":{"rendered":"\u00dcber uns"},"content":{"rendered":"\n<p>Der F\u00f6rderverein &#8222;Freunde und F\u00f6rderer des Paul-Gerhardt-Haus Rastatt e.V.&#8220; m\u00f6chte Eltern, Erzieherinnen und Erzieher sowie alle anderen Unterst\u00fctzer herzlich einladen, sich aktiv an der F\u00f6rderung und Weiterentwicklung der Evangelischen Kita Paul-Gerhardt-Haus zu beteiligen.<\/p>\n\n\n\n<p>Ganz gleich, ob es um Ausfl\u00fcge, die Anschaffung von Spielger\u00e4ten, die Einrichtung von R\u00e4umlichkeiten oder die Organisation des Sommerfests geht, der F\u00f6rderverein steht tatkr\u00e4ftig zur Seite und unterst\u00fctzt diese Vorhaben sowohl durch aktive Mitarbeit als auch finanzielle Mittel.<\/p>\n\n\n\n<p>Ihre Spenden und Mitgliedsbeitr\u00e4ge kommen ausschlie\u00dflich der F\u00f6rderung und Unterst\u00fctzung der Kinder zugute.<\/p>\n\n\n\n<p>Unser Verein ist als eingetragener und gemeinn\u00fctziger Verein anerkannt. Bei Mitgliedsbeitr\u00e4gen, finanziellen Zuwendungen oder Sachspenden stellen wir gerne Spendenbescheinigungen aus.<\/p>\n","protected":false},"excerpt":{"rendered":"<p>Der F\u00f6rderverein &#8222;Freunde und F\u00f6rderer des Paul-Gerhardt-Haus Rastatt e.V.&#8220; m\u00f6chte Eltern, Erzieherinnen und Erzieher sowie alle anderen Unterst\u00fctzer herzlich einladen, sich aktiv an der F\u00f6rderung und Weiterentwicklung der Evangelischen Kita Paul-Gerhardt-Haus zu beteiligen. Ganz gleich, ob es um Ausfl\u00fcge, die &hellip; <\/p>\n","protected":false},"author":1,"featured_media":0,"parent":0,"menu_order":0,"comment_status":"closed","ping_status":"closed","template":"","meta":{"footnotes":""},"_links":{"self":[{"href":"https:\/\/test.marmoo.de\/index.php?rest_route=\/wp\/v2\/pages\/6"}],"collection":[{"href":"https:\/\/test.marmoo.de\/index.php?rest_route=\/wp\/v2\/pages"}],"about":[{"href":"https:\/\/test.marmoo.de\/index.php?rest_route=\/wp\/v2\/types\/page"}],"author":[{"embeddable":true,"href":"https:\/\/test.marmoo.de\/index.php?rest_route=\/wp\/v2\/users\/1"}],"replies":[{"embeddable":true,"href":"https:\/\/test.marmoo.de\/index.php?rest_route=%2Fwp%2Fv2%2Fcomments&post=6"}],"version-history":[{"count":1,"href":"https:\/\/test.marmoo.de\/index.php?rest_route=\/wp\/v2\/pages\/6\/revisions"}],"predecessor-version":[{"id":7,"href":"https:\/\/test.marmoo.de\/index.php?rest_route=\/wp\/v2\/pages\/6\/revisions\/7"}],"wp:attachment":[{"href":"https:\/\/test.marmoo.de\/index.php?rest_route=%2Fwp%2Fv2%2Fmedia&parent=6"}],"curies":[{"name":"wp","href":"https:\/\/api.w.org\/{rel}","templated":true}]}}